{"id":6,"date":"2024-03-16T08:24:22","date_gmt":"2024-03-16T11:24:22","guid":{"rendered":"https:\/\/cosplay.megaconvencao.com.br\/?page_id=6"},"modified":"2025-04-26T11:45:44","modified_gmt":"2025-04-26T14:45:44","slug":"mega-con-cosplay","status":"publish","type":"page","link":"https:\/\/cosplay.megaconvencao.com.br\/","title":{"rendered":"MEGA-CON COSPLAY"},"content":{"rendered":"\t\t<div data-elementor-type=\"wp-page\" data-elementor-id=\"6\" class=\"elementor elementor-6\">\n\t\t\t\t<div class=\"elementor-element elementor-element-ed821b8 e-flex e-con-boxed e-con e-parent\" data-id=\"ed821b8\" data-element_type=\"container\" data-settings=\"{&quot;background_background&quot;:&quot;classic&quot;}\">\n\t\t\t\t\t<div class=\"e-con-inner\">\n\t\t<div class=\"elementor-element elementor-element-2e26ab3 e-flex e-con-boxed e-con e-child\" data-id=\"2e26ab3\" data-element_type=\"container\">\n\t\t\t\t\t<div class=\"e-con-inner\">\n\t\t<div class=\"elementor-element elementor-element-1563e13 e-flex e-con-boxed e-con e-child\" data-id=\"1563e13\" data-element_type=\"container\">\n\t\t\t\t\t<div class=\"e-con-inner\">\n\t\t\t\t<div class=\"elementor-element elementor-element-2147eec elementor-widget elementor-widget-image\" data-id=\"2147eec\" data-element_type=\"widget\" data-widget_type=\"image.default\">\n\t\t\t\t<div class=\"elementor-widget-container\">\n\t\t\t\t\t\t\t\t\t\t\t\t\t\t\t<img fetchpriority=\"high\" decoding=\"async\" width=\"800\" height=\"800\" src=\"https:\/\/cosplay.megaconvencao.com.br\/wp-content\/uploads\/2024\/03\/MEGA_20240205_004624_0000-1024x1024.png\" class=\"attachment-large size-large wp-image-26\" alt=\"\" srcset=\"https:\/\/cosplay.megaconvencao.com.br\/wp-content\/uploads\/2024\/03\/MEGA_20240205_004624_0000-1024x1024.png 1024w, https:\/\/cosplay.megaconvencao.com.br\/wp-content\/uploads\/2024\/03\/MEGA_20240205_004624_0000-300x300.png 300w, https:\/\/cosplay.megaconvencao.com.br\/wp-content\/uploads\/2024\/03\/MEGA_20240205_004624_0000-150x150.png 150w, https:\/\/cosplay.megaconvencao.com.br\/wp-content\/uploads\/2024\/03\/MEGA_20240205_004624_0000-768x768.png 768w, https:\/\/cosplay.megaconvencao.com.br\/wp-content\/uploads\/2024\/03\/MEGA_20240205_004624_0000.png 1080w\" sizes=\"(max-width: 800px) 100vw, 800px\" \/>\t\t\t\t\t\t\t\t\t\t\t\t\t\t\t<\/div>\n\t\t\t\t<\/div>\n\t\t<div class=\"elementor-element elementor-element-c37ef16 e-flex e-con-boxed e-con e-child\" data-id=\"c37ef16\" data-element_type=\"container\">\n\t\t\t\t\t<div class=\"e-con-inner\">\n\t\t\t\t\t<\/div>\n\t\t\t\t<\/div>\n\t\t\t\t\t<\/div>\n\t\t\t\t<\/div>\n\t\t\t\t\t<\/div>\n\t\t\t\t<\/div>\n\t\t\t\t\t<\/div>\n\t\t\t\t<\/div>\n\t\t<div class=\"elementor-element elementor-element-815f0e3 e-flex e-con-boxed e-con e-parent\" data-id=\"815f0e3\" data-element_type=\"container\" data-settings=\"{&quot;background_background&quot;:&quot;classic&quot;}\">\n\t\t\t\t\t<div class=\"e-con-inner\">\n\t\t\t\t<div class=\"elementor-element elementor-element-7af990b elementor-widget elementor-widget-heading\" data-id=\"7af990b\" data-element_type=\"widget\" data-widget_type=\"heading.default\">\n\t\t\t\t<div class=\"elementor-widget-container\">\n\t\t\t\t\t<h2 class=\"elementor-heading-title elementor-size-default\">EDITAL CONCURSO DE COSPLAY | MEGA-CON 2025<\/h2>\t\t\t\t<\/div>\n\t\t\t\t<\/div>\n\t\t\t\t<div class=\"elementor-element elementor-element-9c35b3d elementor-widget elementor-widget-text-editor\" data-id=\"9c35b3d\" data-element_type=\"widget\" data-widget_type=\"text-editor.default\">\n\t\t\t\t<div class=\"elementor-widget-container\">\n\t\t\t\t\t\t\t\t\t<p><span style=\"font-size: 1rem;\">REGRAS DO CONCURSO:<\/span><\/p><p>Ser\u00e3o aceitos cosplays de personagens de m\u00eddias originais (animes, HQ, filmes, jogos e s\u00e9ries), desde que representem fielmente a vers\u00e3o original (vers\u00f5es alternativas n\u00e3o s\u00e3o consideradas originais).<\/p><p>N\u00e3o ser\u00e3o permitidos personagens pr\u00f3prios, fanarts nem personagens de cunho er\u00f3tico.<\/p><p>As apresenta\u00e7\u00f5es ser\u00e3o assistidas por pessoas de todas as idades. Por isso \u00e9 exigido do participante bom senso.<\/p><p>\u00c9 proibido interagir fisicamente com a estrutura do evento, jurados, staff ou p\u00fablico.<\/p><p>\u00c9 vedada a participa\u00e7\u00e3o de membros da equipe organizadora (staffs) ou colaboradores do evento no concurso, o qual se destina exclusivamente ao p\u00fablico cosplayer participante do evento que tenha adquirido ingresso (f\u00edsico ou virtual).<\/p><p>Apresenta\u00e7\u00f5es que violem leis ou promovam ass\u00e9dio, agress\u00e3o ou comportamento impr\u00f3prio (gestos obscenos ou linguagem ofensiva) resultar\u00e3o em desclassifica\u00e7\u00e3o.<\/p><p>Pl\u00e1gio de apresenta\u00e7\u00f5es resultar\u00e1 em desclassifica\u00e7\u00e3o e ajuste de p\u00f3dio caso descoberto posteriormente.<\/p><p>Durante a apresenta\u00e7\u00e3o est\u00e1 proibido utilizar l\u00edquidos, p\u00f3s ou materiais que possam causar inc\u00eandios, sujem o palco, atrapalhem os outros competidores ou prejudiquem a estrutura do local.<\/p><p>A apresenta\u00e7\u00e3o deve ocorrer no palco, caso o participante saia do palco durante a apresenta\u00e7\u00e3o ou jogue algum objeto para fora, sofrer\u00e1 perca de pontos.<\/p><p>Confetes ou objetos pequenos podem ser utilizados durante a apresenta\u00e7\u00e3o, mas o palco deve ser limpo logo em seguida.<span style=\"font-size: 1rem;\">\u00a0<\/span><\/p><p>A dura\u00e7\u00e3o da apresenta\u00e7\u00e3o deve ser no M\u00c1XIMO de 2 minutos e 40 segundos, Para a montagem e desmontagem de cen\u00e1rio deve ser utilizado no M\u00c1XIMO 2 minutos.<\/p><p>O participante pode ter ajuda de at\u00e9 dois staffs, d\u00eas de qu\u00ea eles n\u00e3o se apresentem junto com o cosplayer.<span style=\"font-size: 1rem;\">\u00a0<\/span><\/p><p>N\u00e3o ser\u00e3o julgadas caracter\u00edsticas f\u00edsicas dos competidores.<\/p><p>Calunia e desrespeito aos outros competidores ou jurados sofrer\u00e1 perda de pontos, podendo ocorrer ajuste de p\u00f3dio.<br \/>Todos os participantes devem chegar cedo no local para confirmar presen\u00e7a.<\/p><p>Em caso de empate, os jurados analisar\u00e3o o grau de dificuldade do cosplayer em sua caracteriza\u00e7\u00e3o e apresenta\u00e7\u00e3o, criatividade e seu desenvolvimento da performance.<span style=\"font-size: 1rem;\">\u00a0<\/span><\/p><p>JURI\u00a0<br \/>Os jurados atribuir\u00e3o notas de 1 a 10 nos seguintes crit\u00e9rios:<\/p><p>Roteiro: Compreendimento da hist\u00f3ria e fidelidade da obra na apresenta\u00e7\u00e3o.<\/p><p>Caracteriza\u00e7\u00e3o: Fidelidade do cosplay (vestimenta e acess\u00f3rios) em rela\u00e7\u00e3o \u00e0 obra original.<\/p><p>Performance: Interpreta\u00e7\u00e3o e desenvoltura no palco.<\/p><p>M\u00eddia: Qualidade do \u00e1udio, v\u00eddeo e cenografia utilizados de fundo da apresenta\u00e7\u00e3o.<\/p><p>Criatividade: Impacto na apresenta\u00e7\u00e3o e originalidade.<\/p><p>Nota total: 50 pontos.<\/p><p>\u00a0<\/p><p>PREMIA\u00c7\u00c3O:<br \/>1\u00b0 lugar: Medalha + R$800,00 <br \/>2\u00b0 lugar: Medalha + R$500,00<br \/>3\u00b0 lugar: Medalha + R$300,00<\/p><p>\u00a0<\/p><p>Ser\u00e1 realizada uma pr\u00e9-sele\u00e7\u00e3o onde os competidores devem enviar suas informa\u00e7\u00f5es at\u00e9 o dia ao 20 de junho preenchendo o formul\u00e1rio:<\/p>\t\t\t\t\t\t\t\t<\/div>\n\t\t\t\t<\/div>\n\t\t\t\t<div class=\"elementor-element elementor-element-11d4ec9 elementor-widget elementor-widget-button\" data-id=\"11d4ec9\" data-element_type=\"widget\" data-widget_type=\"button.default\">\n\t\t\t\t<div class=\"elementor-widget-container\">\n\t\t\t\t\t\t\t\t\t<div class=\"elementor-button-wrapper\">\n\t\t\t\t\t<a class=\"elementor-button elementor-button-link elementor-size-sm\" href=\"https:\/\/docs.google.com\/forms\/d\/1W2d23ziiwF4K7cAqVceaWULyWIKN4ecigoa9kd7Y9-g\/edit\">\n\t\t\t\t\t\t<span class=\"elementor-button-content-wrapper\">\n\t\t\t\t\t\t\t\t\t<span class=\"elementor-button-text\">INSCRI\u00c7\u00d5ES ABERTAS<\/span>\n\t\t\t\t\t<\/span>\n\t\t\t\t\t<\/a>\n\t\t\t\t<\/div>\n\t\t\t\t\t\t\t\t<\/div>\n\t\t\t\t<\/div>\n\t\t\t\t\t<\/div>\n\t\t\t\t<\/div>\n\t\t\t\t<\/div>\n\t\t","protected":false},"excerpt":{"rendered":"<p>EDITAL CONCURSO DE COSPLAY | MEGA-CON 2025 REGRAS DO CONCURSO: Ser\u00e3o aceitos cosplays de personagens de m\u00eddias originais (animes, HQ, filmes, jogos e s\u00e9ries), desde que representem fielmente a vers\u00e3o original (vers\u00f5es alternativas n\u00e3o s\u00e3o consideradas originais). N\u00e3o ser\u00e3o permitidos personagens pr\u00f3prios, fanarts nem personagens de cunho er\u00f3tico. As apresenta\u00e7\u00f5es ser\u00e3o assistidas por pessoas de [&hellip;]<\/p>\n","protected":false},"author":1,"featured_media":0,"parent":0,"menu_order":0,"comment_status":"closed","ping_status":"closed","template":"elementor_canvas","meta":{"footnotes":""},"_links":{"self":[{"href":"https:\/\/cosplay.megaconvencao.com.br\/index.php\/wp-json\/wp\/v2\/pages\/6"}],"collection":[{"href":"https:\/\/cosplay.megaconvencao.com.br\/index.php\/wp-json\/wp\/v2\/pages"}],"about":[{"href":"https:\/\/cosplay.megaconvencao.com.br\/index.php\/wp-json\/wp\/v2\/types\/page"}],"author":[{"embeddable":true,"href":"https:\/\/cosplay.megaconvencao.com.br\/index.php\/wp-json\/wp\/v2\/users\/1"}],"replies":[{"embeddable":true,"href":"https:\/\/cosplay.megaconvencao.com.br\/index.php\/wp-json\/wp\/v2\/comments?post=6"}],"version-history":[{"count":77,"href":"https:\/\/cosplay.megaconvencao.com.br\/index.php\/wp-json\/wp\/v2\/pages\/6\/revisions"}],"predecessor-version":[{"id":95,"href":"https:\/\/cosplay.megaconvencao.com.br\/index.php\/wp-json\/wp\/v2\/pages\/6\/revisions\/95"}],"wp:attachment":[{"href":"https:\/\/cosplay.megaconvencao.com.br\/index.php\/wp-json\/wp\/v2\/media?parent=6"}],"curies":[{"name":"wp","href":"https:\/\/api.w.org\/{rel}","templated":true}]}}